{"id":450,"date":"2025-12-01T14:05:26","date_gmt":"2025-12-01T13:05:26","guid":{"rendered":"https:\/\/www.lefun-camping.com\/de-windsurfing-kitesurfing\/"},"modified":"2026-02-10T10:39:24","modified_gmt":"2026-02-10T09:39:24","slug":"windsurfing-kitesurfing","status":"publish","type":"page","link":"https:\/\/www.lefun-camping.com\/de\/windsurfing-kitesurfing\/","title":{"rendered":"Windsurfing Kitesurfing"},"content":{"rendered":"<div class=\"diaporama-header align-full\"><div class=\"gallery\"><figure class=\"gallery__item\"><picture><source srcset=\"https:\/\/www.lefun-camping.com\/wp-content\/uploads\/2025\/12\/kitesurf-windsurf-lafranqui-1-420x248.webp\" media=\"(max-width: 210px)\"><source srcset=\"https:\/\/www.lefun-camping.com\/wp-content\/uploads\/2025\/12\/kitesurf-windsurf-lafranqui-1-850x502.webp\" media=\"(max-width: 420px)\"><source srcset=\"https:\/\/www.lefun-camping.com\/wp-content\/uploads\/2025\/12\/kitesurf-windsurf-lafranqui-1-768x454.webp\" media=\"(max-width: 850px)\"><source srcset=\"https:\/\/www.lefun-camping.com\/wp-content\/uploads\/2025\/12\/kitesurf-windsurf-lafranqui-1-1024x605.webp\" media=\"(max-width: 1024px)\"><source srcset=\"https:\/\/www.lefun-camping.com\/wp-content\/uploads\/2025\/12\/kitesurf-windsurf-lafranqui-1.webp\" media=\"(min-width: 1025px)\"><img loading=\"lazy\" decoding=\"async\" src=\"https:\/\/www.lefun-camping.com\/wp-content\/uploads\/2025\/12\/kitesurf-windsurf-lafranqui-1-420x248.webp\" width=\"420\" height=\"210\" alt=\"\" title=\"\"><\/picture><\/figure><\/div><div class=\"diaporama-header__inner\"><p class=\"wording center\" style=\"text-align: center;\"  >Surfen und Spa\u00df<\/p><p    ><\/p>\n<ctv-searchbar><\/ctv-searchbar>\n<\/div><\/div>\n\n<div class=\"group has-deco fade-down\"><h1 style=\"text-align: center;\">Kitesurfen &amp; Windsurfen camping<span class=\"fc-span\"> in S\u00fcdfrankreich im Languedoc Roussillon<\/span><\/h1><p class=\"center\" style=\"text-align: center;\"  ><strong>Zugang zum Windsurfspot in S\u00fcdfrankreich<\/strong>&nbsp;<strong>(Le \u201eFunSpot\u201c) vom Campingplatz Le Fun aus !<\/strong> Seetauglich bei Tramontana (Nordwest) und Seemann (S\u00fcdost). Die Extras von Fun :<\/p><ul><li><strong>Zugang zum Leucate-Teich vom Campingplatz aus<\/strong>: zu Fu\u00df, mit dem Auto oder mit einem Karren\u2026 Je nach Ihrer Wahl\n<\/li><li><strong>Sp\u00fclbereich<\/strong>&nbsp;f\u00fcr Schiebeger\u00e4te&nbsp;<strong>innerhalb des freien Campingplatzes<\/strong>\n<\/li><li>Bereitstellung von&nbsp;<strong>Sammelcontainern<\/strong>&nbsp;zur Lagerung Ihrer&nbsp;<strong>kostenlosen<\/strong>&nbsp;Ausr\u00fcstung\n<\/li><li>Gro\u00dfe&nbsp;<strong>Stellpl\u00e4tze f\u00fcr Transporter mit Anh\u00e4nger<\/strong>\n<\/li><\/ul><p class=\"center\" style=\"text-align: center;\"  >Begr\u00fc\u00dfung von Gruppen und Sportschulen\u2026<\/p><div class=\"buttons display-flex \" style=\"justify-content:center;\"><span class=\"buttons__btn btn-resa\">Buchen Sie Ihren Aufenthalt!<\/span><\/div><figure class=\"deco arbre\"><picture><source srcset=\"https:\/\/www.lefun-camping.com\/wp-content\/uploads\/2024\/12\/deco-arbre-420x393.webp\" media=\"(max-width: 210px)\"><source srcset=\"https:\/\/www.lefun-camping.com\/wp-content\/uploads\/2024\/12\/deco-arbre.webp\" media=\"(max-width: 420px)\"><source srcset=\"https:\/\/www.lefun-camping.com\/wp-content\/uploads\/2024\/12\/deco-arbre.webp\" media=\"(max-width: 850px)\"><source srcset=\"https:\/\/www.lefun-camping.com\/wp-content\/uploads\/2024\/12\/deco-arbre.webp\" media=\"(max-width: 1024px)\"><source srcset=\"https:\/\/www.lefun-camping.com\/wp-content\/uploads\/2024\/12\/deco-arbre.webp\" media=\"(min-width: 1025px)\"><img decoding=\"async\" src=\"https:\/\/www.lefun-camping.com\/wp-content\/uploads\/2024\/12\/deco-arbre-420x393.webp\" width=\"420\" height=\"210\" loading=\"lazy\" alt=\"\" title=\"\"><\/picture><\/figure><\/div>\n\n<div class=\"group sec-05\"><figure class=\"deco pointille\"><picture><source srcset=\"https:\/\/www.lefun-camping.com\/wp-content\/uploads\/2024\/12\/deco-pointille-420x92.webp\" media=\"(max-width: 210px)\"><source srcset=\"https:\/\/www.lefun-camping.com\/wp-content\/uploads\/2024\/12\/deco-pointille-850x186.webp\" media=\"(max-width: 420px)\"><source srcset=\"https:\/\/www.lefun-camping.com\/wp-content\/uploads\/2024\/12\/deco-pointille-768x168.webp\" media=\"(max-width: 850px)\"><source srcset=\"https:\/\/www.lefun-camping.com\/wp-content\/uploads\/2024\/12\/deco-pointille-1024x224.webp\" media=\"(max-width: 1024px)\"><source srcset=\"https:\/\/www.lefun-camping.com\/wp-content\/uploads\/2024\/12\/deco-pointille.webp\" media=\"(min-width: 1025px)\"><img decoding=\"async\" src=\"https:\/\/www.lefun-camping.com\/wp-content\/uploads\/2024\/12\/deco-pointille-420x92.webp\" width=\"420\" height=\"210\" loading=\"lazy\" alt=\"\" title=\"\"><\/picture><\/figure><div class=\"columns reverse-mob\"><div class=\"columns__item fade-left\" style=\"align-self:flex-start;\"><div class=\"gallery degrade-haut\"><figure class=\"gallery__item\"><picture><source srcset=\"https:\/\/www.lefun-camping.com\/wp-content\/uploads\/2025\/12\/camping-kitesurf-scaled-1-420x255.webp\" media=\"(max-width: 210px)\"><source srcset=\"https:\/\/www.lefun-camping.com\/wp-content\/uploads\/2025\/12\/camping-kitesurf-scaled-1-850x515.webp\" media=\"(max-width: 420px)\"><source srcset=\"https:\/\/www.lefun-camping.com\/wp-content\/uploads\/2025\/12\/camping-kitesurf-scaled-1-768x466.webp\" media=\"(max-width: 850px)\"><source srcset=\"https:\/\/www.lefun-camping.com\/wp-content\/uploads\/2025\/12\/camping-kitesurf-scaled-1-1024x621.webp\" media=\"(max-width: 1024px)\"><source srcset=\"https:\/\/www.lefun-camping.com\/wp-content\/uploads\/2025\/12\/camping-kitesurf-scaled-1.webp\" media=\"(min-width: 1025px)\"><img decoding=\"async\" src=\"https:\/\/www.lefun-camping.com\/wp-content\/uploads\/2025\/12\/camping-kitesurf-scaled-1-420x255.webp\" width=\"420\" height=\"210\" loading=\"lazy\" alt=\"\" title=\"\"><\/picture><\/figure><\/div><\/div><div class=\"columns__item fade-right\" style=\"align-self:flex-start;\"><h2 id=\"windsurf-leucate-et-fitou-pour-qui-1\">Windsurfen in S\u00fcdfrankreich in der N\u00e4he <span class=\"fc-span\">von Leucate und Fitou: f\u00fcr wen?<\/span><\/h2><p    ><strong>Windsurfen<\/strong>&nbsp;ist f\u00fcr alle geeignet, von Anf\u00e4ngern bis zu Fortgeschrittenen.<\/p><p    >Je nachdem, welchen Spot Sie ansteuern, k\u00f6nnen Sie die Disziplin erlernen oder perfektionieren. Ebenso ist f\u00fcr jeden Geschmack und f\u00fcr jeden Windsurfer etwas dabei, egal ob&nbsp;<strong>Slalom, Freestyle, Speed oder Welle<\/strong>.<\/p><div class=\"lireplus fc-desk\"><p    >Weiterlesen<\/p><div class=\"group\"><p    >Wenn Sie sich f\u00fcr&nbsp;<strong>Windsurfen, Kitesurfen in S\u00fcdfrankreich<\/strong>&nbsp;und viele andere Sportarten interessieren, sind Sie auf dem Campingplatz Le Fun an der richtigen Adresse. Die&nbsp;<strong>Teiche und Str\u00e4nde<\/strong>&nbsp;der Region erm\u00f6glichen es Ihnen, das&nbsp;<strong>Windsurfen in Leucate<\/strong>&nbsp;nach Belieben zu variieren. Surfen Sie ab sofort an den<strong>&nbsp;besten Spots in Frankreich<\/strong>.<\/p><\/div><\/div><figure class=\"deco relative fleche-1 droite\"><picture><source srcset=\"https:\/\/www.lefun-camping.com\/wp-content\/uploads\/2024\/12\/deco-fleche-1.webp\" media=\"(max-width: 210px)\"><source srcset=\"https:\/\/www.lefun-camping.com\/wp-content\/uploads\/2024\/12\/deco-fleche-1.webp\" media=\"(max-width: 420px)\"><source srcset=\"https:\/\/www.lefun-camping.com\/wp-content\/uploads\/2024\/12\/deco-fleche-1.webp\" media=\"(max-width: 850px)\"><source srcset=\"https:\/\/www.lefun-camping.com\/wp-content\/uploads\/2024\/12\/deco-fleche-1.webp\" media=\"(max-width: 1024px)\"><source srcset=\"https:\/\/www.lefun-camping.com\/wp-content\/uploads\/2024\/12\/deco-fleche-1.webp\" media=\"(min-width: 1025px)\"><img decoding=\"async\" src=\"https:\/\/www.lefun-camping.com\/wp-content\/uploads\/2024\/12\/deco-fleche-1.webp\" width=\"420\" height=\"210\" loading=\"lazy\" alt=\"\" title=\"\"><\/picture><\/figure><\/div><\/div><ul class=\"pictos align-full-right\"><li><span class=\"fc-icon\"><svg xmlns=\"http:\/\/www.w3.org\/2000\/svg\"  viewBox=\"0 0 576 512\" width=\"16px\" height=\"16px\"><!--! Font Awesome Pro 6.4.2 by @fontawesome - https:\/\/fontawesome.com License - https:\/\/fontawesome.com\/license (Commercial License) Copyright 2023 Fonticons, Inc.--><path d=\"M408 120c0 54.6-73.1 151.9-105.2 192c-7.7 9.6-22 9.6-29.6 0C241.1 271.9 168 174.6 168 120C168 53.7 221.7 0 288 0s120 53.7 120 120zm8 80.4c3.5-6.9 6.7-13.8 9.6-20.6c.5-1.2 1-2.5 1.5-3.7l116-46.4C558.9 123.4 576 135 576 152V422.8c0 9.8-6 18.6-15.1 22.3L416 503V200.4zM137.6 138.3c2.4 14.1 7.2 28.3 12.8 41.5c2.9 6.8 6.1 13.7 9.6 20.6V451.8L32.9 502.7C17.1 509 0 497.4 0 480.4V209.6c0-9.8 6-18.6 15.1-22.3l122.6-49zM327.8 332c13.9-17.4 35.7-45.7 56.2-77V504.3L192 449.4V255c20.5 31.3 42.3 59.6 56.2 77c20.5 25.6 59.1 25.6 79.6 0zM288 152a40 40 0 1 0 0-80 40 40 0 1 0 0 80z\"\/><\/svg><\/span> <span class=\"fc-span\">Zugang zum Spot vom Campingplatz aus:<\/span> zu Fu\u00df, mit dem Auto oder mit dem Wagen\u2026 ganz nach Ihrer Wahl.\n<\/li><li><span class=\"fc-icon\"><svg xmlns=\"http:\/\/www.w3.org\/2000\/svg\"  viewBox=\"0 0 512 512\" width=\"16px\" height=\"16px\"><!--! Font Awesome Pro 6.4.2 by @fontawesome - https:\/\/fontawesome.com License - https:\/\/fontawesome.com\/license (Commercial License) Copyright 2023 Fonticons, Inc.--><path d=\"M64 131.9C64 112.1 80.1 96 99.9 96c9.5 0 18.6 3.8 25.4 10.5l16.2 16.2c-21 38.9-17.4 87.5 10.9 123L151 247c-9.4 9.4-9.4 24.6 0 33.9s24.6 9.4 33.9 0L345 121c9.4-9.4 9.4-24.6 0-33.9s-24.6-9.4-33.9 0l-1.3 1.3c-35.5-28.3-84.2-31.9-123-10.9L170.5 61.3C151.8 42.5 126.4 32 99.9 32C44.7 32 0 76.7 0 131.9V448c0 17.7 14.3 32 32 32s32-14.3 32-32V131.9zM256 352a32 32 0 1 0 0-64 32 32 0 1 0 0 64zm64 64a32 32 0 1 0 -64 0 32 32 0 1 0 64 0zm0-128a32 32 0 1 0 0-64 32 32 0 1 0 0 64zm64 64a32 32 0 1 0 -64 0 32 32 0 1 0 64 0zm0-128a32 32 0 1 0 0-64 32 32 0 1 0 0 64zm64 64a32 32 0 1 0 -64 0 32 32 0 1 0 64 0zm32-32a32 32 0 1 0 0-64 32 32 0 1 0 0 64z\"\/><\/svg><\/span><span class=\"fc-span\"> Kostenloser Bereich zum Absp\u00fclen<\/span> der Wassersportger\u00e4te auf dem Campingplatz\n<\/li><li><span class=\"fc-icon\"><svg xmlns=\"http:\/\/www.w3.org\/2000\/svg\"  viewBox=\"0 0 448 512\" width=\"16px\" height=\"16px\"><!--! Font Awesome Pro 6.4.2 by @fontawesome - https:\/\/fontawesome.com License - https:\/\/fontawesome.com\/license (Commercial License) Copyright 2023 Fonticons, Inc.--><path d=\"M304 64a80 80 0 1 1 0 160 80 80 0 1 1 0-160zm0 224c79.5 0 144-64.5 144-144S383.5 0 304 0S160 64.5 160 144c0 28.2 8.1 54.5 22.1 76.7L9.4 393.4c-12.5 12.5-12.5 32.8 0 45.3l64 64c12.5 12.5 32.8 12.5 45.3 0s12.5-32.8 0-45.3L77.3 416 96 397.3l41.4 41.4c12.5 12.5 32.8 12.5 45.3 0s12.5-32.8 0-45.3L141.3 352l86.1-86.1c22.2 14 48.5 22.1 76.7 22.1z\"\/><\/svg><\/span> <span class=\"fc-span\">Kostenlose Bereitstellung von<\/span> Sammelcontainern zur Lagerung Ihrer Ausr\u00fcstung\n<\/li><li><span class=\"fc-icon\"><svg xmlns=\"http:\/\/www.w3.org\/2000\/svg\"  viewBox=\"0 0 640 512\" width=\"16px\" height=\"16px\"><!--! Font Awesome Pro 6.4.2 by @fontawesome - https:\/\/fontawesome.com License - https:\/\/fontawesome.com\/license (Commercial License) Copyright 2023 Fonticons, Inc.--><path d=\"M224 16c0-8.8 7.2-16 16-16H368c8.8 0 16 7.2 16 16V32H512c53 0 96 43 96 96c0 17.7-14.3 32-32 32H384V416H254.4c1 5.2 1.6 10.5 1.6 16c0 44.2-35.8 80-80 80s-80-35.8-80-80c0-5.5 .6-10.8 1.6-16H96L18.7 338.7C6.7 326.7 0 310.5 0 293.5V96C0 60.7 28.7 32 64 32H224V16zM112 128c-8.8 0-16 7.2-16 16v64c0 8.8 7.2 16 16 16H240c8.8 0 16-7.2 16-16V144c0-8.8-7.2-16-16-16H112zm96 304a32 32 0 1 0 -64 0 32 32 0 1 0 64 0zm288 32a32 32 0 1 0 0-64 32 32 0 1 0 0 64zm-80-48V400 320 288 216 192h24 76.6c12.9 0 25.5 4.5 35.5 12.7l67.4 55.2c13 10.6 20.5 26.5 20.5 43.3V320v64c0 17.7-14.3 32-32 32H574.4c1 5.2 1.6 10.5 1.6 16c0 44.2-35.8 80-80 80s-80-35.8-80-80V416zM578.1 288l-56.5-46.2c-1.4-1.2-3.2-1.8-5.1-1.8H464v48H578.1z\"\/><\/svg><\/span><span class=\"fc-span\"> <\/span><span class=\"fc-span\">Gro\u00dfe Stellpl\u00e4tze f\u00fcr<\/span> Wohnmobile mit Anh\u00e4ngern\n<\/li><\/ul><\/div>\n\n<div class=\"group sec-05 reverse-mob\"><figure class=\"deco pointille\"><picture><source srcset=\"https:\/\/www.lefun-camping.com\/wp-content\/uploads\/2024\/12\/deco-pointille-420x92.webp\" media=\"(max-width: 210px)\"><source srcset=\"https:\/\/www.lefun-camping.com\/wp-content\/uploads\/2024\/12\/deco-pointille-850x186.webp\" media=\"(max-width: 420px)\"><source srcset=\"https:\/\/www.lefun-camping.com\/wp-content\/uploads\/2024\/12\/deco-pointille-768x168.webp\" media=\"(max-width: 850px)\"><source srcset=\"https:\/\/www.lefun-camping.com\/wp-content\/uploads\/2024\/12\/deco-pointille-1024x224.webp\" media=\"(max-width: 1024px)\"><source srcset=\"https:\/\/www.lefun-camping.com\/wp-content\/uploads\/2024\/12\/deco-pointille.webp\" media=\"(min-width: 1025px)\"><img decoding=\"async\" src=\"https:\/\/www.lefun-camping.com\/wp-content\/uploads\/2024\/12\/deco-pointille-420x92.webp\" width=\"420\" height=\"210\" loading=\"lazy\" alt=\"\" title=\"\"><\/picture><\/figure><div class=\"columns\"><div class=\"columns__item fade-right\"><h2 id=\"camping-dedie-au-windsurf-a-leucate-ouvert-pour-le-mondial-du-vent-vacances-de-paques-1\">Camping gewijd aan windsurfen en kitesurfen in het zuiden <span class=\"fc-span\">van Frankrijk, geopend voor de Mondial du Vent (paasvakantie)<\/span><\/h2><p    >Le Mondial du Vent ist ein 6-t\u00e4giger intensiver&nbsp;<strong>Windsurf-<\/strong>&nbsp;und&nbsp;<strong>Kitesurf-Wettkampf<\/strong>. Dieser&nbsp;<strong>Windsurfen Camping in Leucate<\/strong>&nbsp;bietet die besten Spots und perfekte Bedingungen, um Champions zu beobachten und Ihren Lieblingssport auszu\u00fcben. Von&nbsp;<strong>Port-Leucate<\/strong>&nbsp;\u00fcber den&nbsp;<strong>\u00c9tang de Leucate<\/strong>&nbsp;bis hin zu&nbsp;<strong>La Franqui<\/strong>&nbsp;hat jeder Spot seine Besonderheiten und wird jeden von Ihnen begeistern. Der Campingplatz le Fun ist ein idealer Campingplatz zum&nbsp;<strong>Windsurfen<\/strong>.<\/p><p   id=\"https:\/\/www.lefun-camping.com\/de\/vermietungen\/\" >Denken Sie daran, Ihre&nbsp;<a href=\"https:\/\/www.lefun-camping.com\/de\/vermietungen\/\" data-type=\"link\" data-id=\"https:\/\/www.lefun-camping.com\/de\/vermietungen\/\">Mobilheimmiete in der Aude<\/a>&nbsp;zu buchen!<\/p><div class=\"buttons\"><a href=\"https:\/\/www.lefun-camping.com\/de\/fotogalerie\/\" rel=\"noreferrer noopener\" rel=\"noreferrer noopener\" class=\"buttons__btn\">Sehen Sie sich die Galerie an<\/a><\/div><\/div><div class=\"columns__item fade-left\"><div class=\"gallery\"><figure class=\"gallery__item\"><picture><source srcset=\"https:\/\/www.lefun-camping.com\/wp-content\/uploads\/2025\/12\/services-camping-windsurf-scaled-1-420x315.webp\" media=\"(max-width: 210px)\"><source srcset=\"https:\/\/www.lefun-camping.com\/wp-content\/uploads\/2025\/12\/services-camping-windsurf-scaled-1-850x638.webp\" media=\"(max-width: 420px)\"><source srcset=\"https:\/\/www.lefun-camping.com\/wp-content\/uploads\/2025\/12\/services-camping-windsurf-scaled-1-768x576.webp\" media=\"(max-width: 850px)\"><source srcset=\"https:\/\/www.lefun-camping.com\/wp-content\/uploads\/2025\/12\/services-camping-windsurf-scaled-1-1024x768.webp\" media=\"(max-width: 1024px)\"><source srcset=\"https:\/\/www.lefun-camping.com\/wp-content\/uploads\/2025\/12\/services-camping-windsurf-scaled-1.webp\" media=\"(min-width: 1025px)\"><img decoding=\"async\" src=\"https:\/\/www.lefun-camping.com\/wp-content\/uploads\/2025\/12\/services-camping-windsurf-scaled-1-420x315.webp\" width=\"420\" height=\"210\" loading=\"lazy\" alt=\"\" title=\"\"><\/picture><\/figure><\/div><\/div><\/div><\/div>\n\n<h2 style=\"text-align: center;color: var(--orange);\">\u00dcben Sie Windsurfen in Leucate an <span class=\"fc-span\">den besten Spots Frankreichs<\/span><\/h2>\n\n<div class=\"group sec-15\"><figure class=\"background\"><picture><source srcset=\"https:\/\/www.lefun-camping.com\/wp-content\/uploads\/2025\/12\/deco-vague-orange-2-420x158.webp\" media=\"(max-width: 210px)\"><source srcset=\"https:\/\/www.lefun-camping.com\/wp-content\/uploads\/2025\/12\/deco-vague-orange-2-850x319.webp\" media=\"(max-width: 420px)\"><source srcset=\"https:\/\/www.lefun-camping.com\/wp-content\/uploads\/2025\/12\/deco-vague-orange-2-768x288.webp\" media=\"(max-width: 850px)\"><source srcset=\"https:\/\/www.lefun-camping.com\/wp-content\/uploads\/2025\/12\/deco-vague-orange-2-1024x384.webp\" media=\"(max-width: 1024px)\"><source srcset=\"https:\/\/www.lefun-camping.com\/wp-content\/uploads\/2025\/12\/deco-vague-orange-2.webp\" media=\"(min-width: 1025px)\"><img decoding=\"async\" src=\"https:\/\/www.lefun-camping.com\/wp-content\/uploads\/2025\/12\/deco-vague-orange-2-420x158.webp\" width=\"420\" height=\"210\" loading=\"lazy\" alt=\"\" title=\"\"><\/picture><\/figure><div class=\"columns\"><div class=\"columns__item flex-15 fade-left\" style=\"align-self:flex-start;\"><h3 id=\"profitez-de-20-spots-de-glisse-pour-du-windsurf-a-leucate-a-proximite-du-camping-le-fun\" style=\"color: var(--bleu);\">Genie\u00dfen Sie 20 Windsurfing-Spots in Leucate<span class=\"fc-span\"> in der N\u00e4he des Campingplatzes Le Fun!<\/span><\/h3><p    ><strong>Unser Campingplatz ist ein einzigartiges Gebiet f\u00fcr Spa\u00df!<\/strong><\/p><p   id=\"https:\/\/www.lefun-camping.com\/de\/swimmingpool\/\" >Um in Leucate Windsurfen zu praktizieren, gehen Sie auf den Campingplatz le Fun. Unsere Einrichtung befindet sich am Ufer des \u00c9tang de&nbsp;<strong>Leucate<\/strong>, gegen\u00fcber dem&nbsp;<strong>Spot Le Goulet<\/strong>, nicht weit von den Spots&nbsp;<strong>Parc \u00e0 huitres und La Mine<\/strong>&nbsp;und im weiteren Sinne in der N\u00e4he der&nbsp;<strong>Spots von Leucate, La Franqui, La Palme<\/strong>&nbsp;und&nbsp;<strong>Port Barcar\u00e8s<\/strong>. Keine Ausrede, Sie haben alles, was Sie zum&nbsp;<strong>Windsurfen<\/strong>&nbsp;und&nbsp;<strong>Kitesurfen<\/strong>&nbsp;brauchen, in der N\u00e4he des&nbsp;<a href=\"https:\/\/www.lefun-camping.com\/de\/swimmingpool\/\" data-type=\"link\" data-id=\"https:\/\/www.lefun-camping.com\/de\/swimmingpool\/\">Campingplatzes im Languedoc Roussillon mit Swimmingpool<\/a>!<\/p><\/div><div class=\"columns__item fade-right\" style=\"align-self:flex-start;\"><h3 id=\"comment-vous-loger-pour-un-sejour-de-windsurf-a-leucate\" style=\"color: var(--bleu);\">Wo kann man bei einem Kitesurf-Campingurlaub <span class=\"fc-span\">in Frankreich \u00fcbernachten?<\/span><\/h3><p    >Ein Aufenthalt zum Windsurfen muss intensiv sein und einen&nbsp;<strong>privilegierten Zugang zu den Spots<\/strong>&nbsp;der Region haben. In diesem Sinne ist auch unser Campingplatz le Fun zu verstehen. Er bietet Ihnen allen&nbsp;<strong>Komfort<\/strong>, den Sie nach einem langen&nbsp;<strong>Sporttag<\/strong>&nbsp;brauchen. Vor allem aber verf\u00fcgt er auch \u00fcber alle Annehmlichkeiten, die ihn zu einem perfekten Ort f\u00fcr deine Lieblingsdisziplin machen.<\/p><figure class=\"deco kitesurf relative reverse droite hors-box\"><picture><source srcset=\"https:\/\/www.lefun-camping.com\/wp-content\/uploads\/2024\/12\/deco-kitesurf-403x420.webp\" media=\"(max-width: 210px)\"><source srcset=\"https:\/\/www.lefun-camping.com\/wp-content\/uploads\/2024\/12\/deco-kitesurf.webp\" media=\"(max-width: 420px)\"><source srcset=\"https:\/\/www.lefun-camping.com\/wp-content\/uploads\/2024\/12\/deco-kitesurf.webp\" media=\"(max-width: 850px)\"><source srcset=\"https:\/\/www.lefun-camping.com\/wp-content\/uploads\/2024\/12\/deco-kitesurf.webp\" media=\"(max-width: 1024px)\"><source srcset=\"https:\/\/www.lefun-camping.com\/wp-content\/uploads\/2024\/12\/deco-kitesurf.webp\" media=\"(min-width: 1025px)\"><img decoding=\"async\" src=\"https:\/\/www.lefun-camping.com\/wp-content\/uploads\/2024\/12\/deco-kitesurf-403x420.webp\" width=\"420\" height=\"210\" loading=\"lazy\" alt=\"\" title=\"\"><\/picture><\/figure><div class=\"lireplus fc-desk\"><p    >Weiterlesen<\/p><div class=\"group\"><p    >Zugang zu einer tollen Sportart direkt vom Campingplatz aus, ein Sp\u00fclbereich f\u00fcr die Ausr\u00fcstung, viele Praktizierende auf dem&nbsp;<strong>windsurfen Campingplatz<\/strong>&nbsp;und spezielle Aktivit\u00e4ten.&nbsp;<strong>Kitesurfen in Sudfrankre\u00efch&nbsp;<\/strong>geht nat\u00fcrlich \u00fcber unseren Campingplatz. F\u00fcr kurze und l\u00e4ngere Aufenthalte laden wir Sie auf unsere Parzelle ein, um Ihren Urlaub zu einem unvergesslichen Erlebnis zu machen.<\/p><h4 id=\"infos-meteo-pour-windsurf-leucate\">Wetterinformationen f\u00fcr Ihren Aufenthalt in unserem Windsurfcamp :<\/h4><p    ><a rel=\"noreferrer noopener\" href=\"https:\/\/www.windguru.cz\/258\" target=\"_blank\">Windguru Leucate<\/a><strong>&nbsp;und&nbsp;<\/strong><a rel=\"noreferrer noopener\" href=\"https:\/\/fr.windfinder.com\/forecast\/leucate\" target=\"_blank\">Windfinder Leucate<\/a><\/p><p    ><strong>Alles Gute und bis bald!<\/strong><\/p><\/div><\/div><\/div><\/div><div class=\"gallery fade-down col-4 f-carousel fc-diapo-mob\" data-fancybox=\"gallery-mob\"><figure class=\"gallery__item\"><picture><source srcset=\"https:\/\/www.lefun-camping.com\/wp-content\/uploads\/2025\/12\/camping-windsurf-leucate-420x279.webp\" media=\"(max-width: 210px)\"><source srcset=\"https:\/\/www.lefun-camping.com\/wp-content\/uploads\/2025\/12\/camping-windsurf-leucate-850x564.webp\" media=\"(max-width: 420px)\"><source srcset=\"https:\/\/www.lefun-camping.com\/wp-content\/uploads\/2025\/12\/camping-windsurf-leucate-768x510.webp\" media=\"(max-width: 850px)\"><source srcset=\"https:\/\/www.lefun-camping.com\/wp-content\/uploads\/2025\/12\/camping-windsurf-leucate.webp\" media=\"(max-width: 1024px)\"><source srcset=\"https:\/\/www.lefun-camping.com\/wp-content\/uploads\/2025\/12\/camping-windsurf-leucate.webp\" media=\"(min-width: 1025px)\"><img decoding=\"async\" src=\"https:\/\/www.lefun-camping.com\/wp-content\/uploads\/2025\/12\/camping-windsurf-leucate-420x279.webp\" width=\"420\" height=\"210\" loading=\"lazy\" alt=\"\" title=\"\"><\/picture><\/figure><figure class=\"gallery__item\"><picture><source srcset=\"https:\/\/www.lefun-camping.com\/wp-content\/uploads\/2025\/12\/kite-lafranqui-420x279.webp\" media=\"(max-width: 210px)\"><source srcset=\"https:\/\/www.lefun-camping.com\/wp-content\/uploads\/2025\/12\/kite-lafranqui-850x564.webp\" media=\"(max-width: 420px)\"><source srcset=\"https:\/\/www.lefun-camping.com\/wp-content\/uploads\/2025\/12\/kite-lafranqui-768x510.webp\" media=\"(max-width: 850px)\"><source srcset=\"https:\/\/www.lefun-camping.com\/wp-content\/uploads\/2025\/12\/kite-lafranqui-1024x680.webp\" media=\"(max-width: 1024px)\"><source srcset=\"https:\/\/www.lefun-camping.com\/wp-content\/uploads\/2025\/12\/kite-lafranqui.webp\" media=\"(min-width: 1025px)\"><img decoding=\"async\" src=\"https:\/\/www.lefun-camping.com\/wp-content\/uploads\/2025\/12\/kite-lafranqui-420x279.webp\" width=\"420\" height=\"210\" loading=\"lazy\" alt=\"\" title=\"\"><\/picture><\/figure><figure class=\"gallery__item\"><picture><source srcset=\"https:\/\/www.lefun-camping.com\/wp-content\/uploads\/2025\/12\/windsurf-camping-420x315.webp\" media=\"(max-width: 210px)\"><source srcset=\"https:\/\/www.lefun-camping.com\/wp-content\/uploads\/2025\/12\/windsurf-camping-850x638.webp\" media=\"(max-width: 420px)\"><source srcset=\"https:\/\/www.lefun-camping.com\/wp-content\/uploads\/2025\/12\/windsurf-camping-768x577.webp\" media=\"(max-width: 850px)\"><source srcset=\"https:\/\/www.lefun-camping.com\/wp-content\/uploads\/2025\/12\/windsurf-camping.webp\" media=\"(max-width: 1024px)\"><source srcset=\"https:\/\/www.lefun-camping.com\/wp-content\/uploads\/2025\/12\/windsurf-camping.webp\" media=\"(min-width: 1025px)\"><img decoding=\"async\" src=\"https:\/\/www.lefun-camping.com\/wp-content\/uploads\/2025\/12\/windsurf-camping-420x315.webp\" width=\"420\" height=\"210\" loading=\"lazy\" alt=\"\" title=\"\"><\/picture><\/figure><figure class=\"gallery__item\"><picture><source srcset=\"https:\/\/www.lefun-camping.com\/wp-content\/uploads\/2026\/01\/kitesurf-leucate-camping-420x279.webp\" media=\"(max-width: 210px)\"><source srcset=\"https:\/\/www.lefun-camping.com\/wp-content\/uploads\/2026\/01\/kitesurf-leucate-camping-850x564.webp\" media=\"(max-width: 420px)\"><source srcset=\"https:\/\/www.lefun-camping.com\/wp-content\/uploads\/2026\/01\/kitesurf-leucate-camping-768x510.webp\" media=\"(max-width: 850px)\"><source srcset=\"https:\/\/www.lefun-camping.com\/wp-content\/uploads\/2026\/01\/kitesurf-leucate-camping-1024x680.webp\" media=\"(max-width: 1024px)\"><source srcset=\"https:\/\/www.lefun-camping.com\/wp-content\/uploads\/2026\/01\/kitesurf-leucate-camping.webp\" media=\"(min-width: 1025px)\"><img decoding=\"async\" src=\"https:\/\/www.lefun-camping.com\/wp-content\/uploads\/2026\/01\/kitesurf-leucate-camping-420x279.webp\" width=\"420\" height=\"210\" loading=\"lazy\" alt=\"\" title=\"\"><\/picture><\/figure><\/div><\/div>","protected":false},"excerpt":{"rendered":"<p>Surfen und Spa\u00df Kitesurfen &amp; Windsurfen camping in S\u00fcdfrankreich im Languedoc Roussillon Zugang zum Windsurfspot in S\u00fcdfrankreich&nbsp;(Le \u201eFunSpot\u201c) vom Campingplatz Le Fun aus ! Seetauglich bei Tramontana (Nordwest) und Seemann (S\u00fcdost). Die Extras von Fun : Begr\u00fc\u00dfung von Gruppen und Sportschulen\u2026 Windsurfen in S\u00fcdfrankreich in der N\u00e4he von Leucate und Fitou: f\u00fcr wen? Windsurfen&nbsp;ist f\u00fcr [&hellip;]<\/p>\n","protected":false},"author":1,"featured_media":0,"parent":0,"menu_order":0,"comment_status":"open","ping_status":"open","template":"","meta":{"_acf_changed":false,"footnotes":""},"acf":[],"_links":{"self":[{"href":"https:\/\/www.lefun-camping.com\/de\/wp-json\/wp\/v2\/pages\/450"}],"collection":[{"href":"https:\/\/www.lefun-camping.com\/de\/wp-json\/wp\/v2\/pages"}],"about":[{"href":"https:\/\/www.lefun-camping.com\/de\/wp-json\/wp\/v2\/types\/page"}],"author":[{"embeddable":true,"href":"https:\/\/www.lefun-camping.com\/de\/wp-json\/wp\/v2\/users\/1"}],"replies":[{"embeddable":true,"href":"https:\/\/www.lefun-camping.com\/de\/wp-json\/wp\/v2\/comments?post=450"}],"version-history":[{"count":6,"href":"https:\/\/www.lefun-camping.com\/de\/wp-json\/wp\/v2\/pages\/450\/revisions"}],"predecessor-version":[{"id":2727,"href":"https:\/\/www.lefun-camping.com\/de\/wp-json\/wp\/v2\/pages\/450\/revisions\/2727"}],"wp:attachment":[{"href":"https:\/\/www.lefun-camping.com\/de\/wp-json\/wp\/v2\/media?parent=450"}],"curies":[{"name":"wp","href":"https:\/\/api.w.org\/{rel}","templated":true}]}}