{"id":2009,"date":"2025-12-01T14:05:26","date_gmt":"2025-12-01T13:05:26","guid":{"rendered":"https:\/\/www.lefun-camping.com\/piscina\/"},"modified":"2026-02-10T10:43:44","modified_gmt":"2026-02-10T09:43:44","slug":"piscina","status":"publish","type":"page","link":"https:\/\/www.lefun-camping.com\/es\/piscina\/","title":{"rendered":"Piscina"},"content":{"rendered":"<div class=\"diaporama-header align-full\"><div class=\"gallery\"><figure class=\"gallery__item\"><picture><source srcset=\"https:\/\/www.lefun-camping.com\/wp-content\/uploads\/2026\/01\/piscine-camping-420x315.webp\" media=\"(max-width: 210px)\"><source srcset=\"https:\/\/www.lefun-camping.com\/wp-content\/uploads\/2026\/01\/piscine-camping-850x638.webp\" media=\"(max-width: 420px)\"><source srcset=\"https:\/\/www.lefun-camping.com\/wp-content\/uploads\/2026\/01\/piscine-camping-768x576.webp\" media=\"(max-width: 850px)\"><source srcset=\"https:\/\/www.lefun-camping.com\/wp-content\/uploads\/2026\/01\/piscine-camping-1024x768.webp\" media=\"(max-width: 1024px)\"><source srcset=\"https:\/\/www.lefun-camping.com\/wp-content\/uploads\/2026\/01\/piscine-camping.webp\" media=\"(min-width: 1025px)\"><img loading=\"lazy\" decoding=\"async\" src=\"https:\/\/www.lefun-camping.com\/wp-content\/uploads\/2026\/01\/piscine-camping-420x315.webp\" width=\"420\" height=\"210\" alt=\"\" title=\"\"><\/picture><\/figure><\/div><div class=\"diaporama-header__inner\"><p class=\"wording center\" style=\"text-align: center;\"  >Rel\u00e1jate<\/p><p    ><\/p>\n<ctv-searchbar><\/ctv-searchbar>\n<\/div><\/div>\n\n<div class=\"group sec-15\"><figure class=\"background\"><picture><source srcset=\"https:\/\/www.lefun-camping.com\/wp-content\/uploads\/2025\/12\/deco-vague-orange-2-420x158.webp\" media=\"(max-width: 210px)\"><source srcset=\"https:\/\/www.lefun-camping.com\/wp-content\/uploads\/2025\/12\/deco-vague-orange-2-850x319.webp\" media=\"(max-width: 420px)\"><source srcset=\"https:\/\/www.lefun-camping.com\/wp-content\/uploads\/2025\/12\/deco-vague-orange-2-768x288.webp\" media=\"(max-width: 850px)\"><source srcset=\"https:\/\/www.lefun-camping.com\/wp-content\/uploads\/2025\/12\/deco-vague-orange-2-1024x384.webp\" media=\"(max-width: 1024px)\"><source srcset=\"https:\/\/www.lefun-camping.com\/wp-content\/uploads\/2025\/12\/deco-vague-orange-2.webp\" media=\"(min-width: 1025px)\"><img decoding=\"async\" src=\"https:\/\/www.lefun-camping.com\/wp-content\/uploads\/2025\/12\/deco-vague-orange-2-420x158.webp\" width=\"420\" height=\"210\" loading=\"lazy\" alt=\"\" title=\"\"><\/picture><\/figure><h1 style=\"text-align: center;\">Descubre nuestro camping con piscina climatizada <span class=\"fc-span\">en Aude, cerca de Port Leucate<\/span><\/h1><ul class=\"pictos vertical col-3 center\"><li><span class=\"fc-icon\"><svg xmlns=\"http:\/\/www.w3.org\/2000\/svg\"  viewBox=\"0 0 448 512\" width=\"16px\" height=\"16px\"><!--! Font Awesome Pro 6.4.2 by @fontawesome - https:\/\/fontawesome.com License - https:\/\/fontawesome.com\/license (Commercial License) Copyright 2023 Fonticons, Inc.--><path d=\"M176 32c17.7 0 32 14.3 32 32v80c0 34.6 11.2 68.3 32 96l19.2 25.6C288.3 304.4 304 351.5 304 400v48c0 17.7-14.3 32-32 32s-32-14.3-32-32V400c0-34.6-11.2-68.3-32-96l-19.2-25.6C159.7 239.6 144 192.5 144 144V64c0-17.7 14.3-32 32-32zM32 96c17.7 0 32 14.3 32 32v32c0 34.6 11.2 68.3 32 96l19.2 25.6C144.3 320.4 160 367.5 160 416v32c0 17.7-14.3 32-32 32s-32-14.3-32-32V416c0-34.6-11.2-68.3-32-96L44.8 294.4C15.7 255.6 0 208.5 0 160V128c0-17.7 14.3-32 32-32zm320 32v32c0 34.6 11.2 68.3 32 96l19.2 25.6C432.3 320.4 448 367.5 448 416v32c0 17.7-14.3 32-32 32s-32-14.3-32-32V416c0-34.6-11.2-68.3-32-96l-19.2-25.6C303.7 255.6 288 208.5 288 160V128c0-17.7 14.3-32 32-32s32 14.3 32 32z\"\/><\/svg><\/span> <strong>Piscina climatizada<\/strong>\n<\/li><li><span class=\"fc-icon\"><svg xmlns=\"http:\/\/www.w3.org\/2000\/svg\"  viewBox=\"0 0 576 512\" width=\"16px\" height=\"16px\"><!--! Font Awesome Pro 6.4.2 by @fontawesome - https:\/\/fontawesome.com License - https:\/\/fontawesome.com\/license (Commercial License) Copyright 2023 Fonticons, Inc.--><path d=\"M269.5 69.9c11.1-7.9 25.9-7.9 37 0C329 85.4 356.5 96 384 96c26.9 0 55.4-10.8 77.4-26.1l0 0c11.9-8.5 28.1-7.8 39.2 1.7c14.4 11.9 32.5 21 50.6 25.2c17.2 4 27.9 21.2 23.9 38.4s-21.2 27.9-38.4 23.9c-24.5-5.7-44.9-16.5-58.2-25C449.5 149.7 417 160 384 160c-31.9 0-60.6-9.9-80.4-18.9c-5.8-2.7-11.1-5.3-15.6-7.7c-4.5 2.4-9.7 5.1-15.6 7.7c-19.8 9-48.5 18.9-80.4 18.9c-33 0-65.5-10.3-94.5-25.8c-13.4 8.4-33.7 19.3-58.2 25c-17.2 4-34.4-6.7-38.4-23.9s6.7-34.4 23.9-38.4C42.8 92.6 61 83.5 75.3 71.6c11.1-9.5 27.3-10.1 39.2-1.7l0 0C136.7 85.2 165.1 96 192 96c27.5 0 55-10.6 77.5-26.1zm37 288C329 373.4 356.5 384 384 384c26.9 0 55.4-10.8 77.4-26.1l0 0c11.9-8.5 28.1-7.8 39.2 1.7c14.4 11.9 32.5 21 50.6 25.2c17.2 4 27.9 21.2 23.9 38.4s-21.2 27.9-38.4 23.9c-24.5-5.7-44.9-16.5-58.2-25C449.5 437.7 417 448 384 448c-31.9 0-60.6-9.9-80.4-18.9c-5.8-2.7-11.1-5.3-15.6-7.7c-4.5 2.4-9.7 5.1-15.6 7.7c-19.8 9-48.5 18.9-80.4 18.9c-33 0-65.5-10.3-94.5-25.8c-13.4 8.4-33.7 19.3-58.2 25c-17.2 4-34.4-6.7-38.4-23.9s6.7-34.4 23.9-38.4c18.1-4.2 36.2-13.3 50.6-25.2c11.1-9.4 27.3-10.1 39.2-1.7l0 0C136.7 373.2 165.1 384 192 384c27.5 0 55-10.6 77.5-26.1c11.1-7.9 25.9-7.9 37 0zm0-144C329 229.4 356.5 240 384 240c26.9 0 55.4-10.8 77.4-26.1l0 0c11.9-8.5 28.1-7.8 39.2 1.7c14.4 11.9 32.5 21 50.6 25.2c17.2 4 27.9 21.2 23.9 38.4s-21.2 27.9-38.4 23.9c-24.5-5.7-44.9-16.5-58.2-25C449.5 293.7 417 304 384 304c-31.9 0-60.6-9.9-80.4-18.9c-5.8-2.7-11.1-5.3-15.6-7.7c-4.5 2.4-9.7 5.1-15.6 7.7c-19.8 9-48.5 18.9-80.4 18.9c-33 0-65.5-10.3-94.5-25.8c-13.4 8.4-33.7 19.3-58.2 25c-17.2 4-34.4-6.7-38.4-23.9s6.7-34.4 23.9-38.4c18.1-4.2 36.2-13.3 50.6-25.2c11.1-9.5 27.3-10.1 39.2-1.7l0 0C136.7 229.2 165.1 240 192 240c27.5 0 55-10.6 77.5-26.1c11.1-7.9 25.9-7.9 37 0z\"\/><\/svg><\/span> <strong>Piscina infantil<\/strong>\n<\/li><li><span class=\"fc-icon\"><svg xmlns=\"http:\/\/www.w3.org\/2000\/svg\"  viewBox=\"0 0 512 512\" width=\"16px\" height=\"16px\"><!--! Font Awesome Pro 6.4.2 by @fontawesome - https:\/\/fontawesome.com License - https:\/\/fontawesome.com\/license (Commercial License) Copyright 2023 Fonticons, Inc.--><path d=\"M256 0c-13.3 0-24 10.7-24 24V88c0 13.3 10.7 24 24 24s24-10.7 24-24V24c0-13.3-10.7-24-24-24zm0 400c-13.3 0-24 10.7-24 24v64c0 13.3 10.7 24 24 24s24-10.7 24-24V424c0-13.3-10.7-24-24-24zM488 280c13.3 0 24-10.7 24-24s-10.7-24-24-24H424c-13.3 0-24 10.7-24 24s10.7 24 24 24h64zM112 256c0-13.3-10.7-24-24-24H24c-13.3 0-24 10.7-24 24s10.7 24 24 24H88c13.3 0 24-10.7 24-24zM437 108.9c9.4-9.4 9.4-24.6 0-33.9s-24.6-9.4-33.9 0l-45.3 45.3c-9.4 9.4-9.4 24.6 0 33.9s24.6 9.4 33.9 0L437 108.9zM154.2 357.8c-9.4-9.4-24.6-9.4-33.9 0L75 403.1c-9.4 9.4-9.4 24.6 0 33.9s24.6 9.4 33.9 0l45.3-45.3c9.4-9.4 9.4-24.6 0-33.9zM403.1 437c9.4 9.4 24.6 9.4 33.9 0s9.4-24.6 0-33.9l-45.3-45.3c-9.4-9.4-24.6-9.4-33.9 0s-9.4 24.6 0 33.9L403.1 437zM154.2 154.2c9.4-9.4 9.4-24.6 0-33.9L108.9 75c-9.4-9.4-24.6-9.4-33.9 0s-9.4 24.6 0 33.9l45.3 45.3c9.4 9.4 24.6 9.4 33.9 0zM256 368a112 112 0 1 0 0-224 112 112 0 1 0 0 224z\"\/><\/svg><\/span> <strong>Solarium<\/strong>\n<\/li><\/ul><h2 style=\"text-align: center;\">Camping con piscina en el Aude para <span class=\"fc-span\">unas vacaciones relajantes<\/span><\/h2><p class=\"mini center\" style=\"text-align: center;\" id=\"1994\" >Nuestro <a href=\"https:\/\/www.lefun-camping.com\/es\/\" data-type=\"page\" data-id=\"1994\">camping Fun<\/a> tiene una <strong>piscina climatizada<\/strong> para que puedas relajarte despu\u00e9s de un d\u00eda ajetreado. En este <strong>camping con piscina en el Aude<\/strong>, podr\u00e1s disfrutar de una <strong>gran piscina<\/strong> para nadar o divertirte en cualquier momento de tu estancia. La piscina es el lugar ideal para relajarse y desconectar. La piscina es una de las <a href=\"https:\/\/www.lefun-camping.com\/es\/actividades\/\" data-type=\"page\" data-id=\"424\">actividades<\/a> in situ para mejorar tu estancia.<\/p><div class=\"lireplus fc-desk\"><p class=\"center\" style=\"text-align: center;\"  >Leer m\u00e1s<\/p><div class=\"group\"><p class=\"mini center\" style=\"text-align: center;\"  >Si decides pasar tus vacaciones en el camping Le Fun, podr\u00e1s disfrutar de la piscina <strong>de nuestro camping cerca de Port Leucate<\/strong> solo, en familia o con amigos. Para mantener una temperatura agradable todo el a\u00f1o, nuestra <strong>piscina est\u00e1 climatizada<\/strong> <strong>del 1 de mayo al 15 de octubre.<\/strong> <\/p><\/div><\/div><div class=\"gallery fade-down col-4 f-carousel fc-diapo-mob\" data-fancybox=\"gallery-mob\"><figure class=\"gallery__item\"><picture><source srcset=\"https:\/\/www.lefun-camping.com\/wp-content\/uploads\/2026\/01\/piscine-camping-leucate-420x315.webp\" media=\"(max-width: 210px)\"><source srcset=\"https:\/\/www.lefun-camping.com\/wp-content\/uploads\/2026\/01\/piscine-camping-leucate-850x638.webp\" media=\"(max-width: 420px)\"><source srcset=\"https:\/\/www.lefun-camping.com\/wp-content\/uploads\/2026\/01\/piscine-camping-leucate-768x576.webp\" media=\"(max-width: 850px)\"><source srcset=\"https:\/\/www.lefun-camping.com\/wp-content\/uploads\/2026\/01\/piscine-camping-leucate-1024x768.webp\" media=\"(max-width: 1024px)\"><source srcset=\"https:\/\/www.lefun-camping.com\/wp-content\/uploads\/2026\/01\/piscine-camping-leucate.webp\" media=\"(min-width: 1025px)\"><img decoding=\"async\" src=\"https:\/\/www.lefun-camping.com\/wp-content\/uploads\/2026\/01\/piscine-camping-leucate-420x315.webp\" width=\"420\" height=\"210\" loading=\"lazy\" alt=\"\" title=\"\"><\/picture><\/figure><figure class=\"gallery__item\"><picture><source srcset=\"https:\/\/www.lefun-camping.com\/wp-content\/uploads\/2025\/12\/piscine-420x279.webp\" media=\"(max-width: 210px)\"><source srcset=\"https:\/\/www.lefun-camping.com\/wp-content\/uploads\/2025\/12\/piscine-850x564.webp\" media=\"(max-width: 420px)\"><source srcset=\"https:\/\/www.lefun-camping.com\/wp-content\/uploads\/2025\/12\/piscine-768x510.webp\" media=\"(max-width: 850px)\"><source srcset=\"https:\/\/www.lefun-camping.com\/wp-content\/uploads\/2025\/12\/piscine-1024x680.webp\" media=\"(max-width: 1024px)\"><source srcset=\"https:\/\/www.lefun-camping.com\/wp-content\/uploads\/2025\/12\/piscine.webp\" media=\"(min-width: 1025px)\"><img decoding=\"async\" src=\"https:\/\/www.lefun-camping.com\/wp-content\/uploads\/2025\/12\/piscine-420x279.webp\" width=\"420\" height=\"210\" loading=\"lazy\" alt=\"\" title=\"\"><\/picture><\/figure><figure class=\"gallery__item\"><picture><source srcset=\"https:\/\/www.lefun-camping.com\/wp-content\/uploads\/2026\/01\/camping-piscine-la-franqui-420x315.webp\" media=\"(max-width: 210px)\"><source srcset=\"https:\/\/www.lefun-camping.com\/wp-content\/uploads\/2026\/01\/camping-piscine-la-franqui-850x637.webp\" media=\"(max-width: 420px)\"><source srcset=\"https:\/\/www.lefun-camping.com\/wp-content\/uploads\/2026\/01\/camping-piscine-la-franqui-768x575.webp\" media=\"(max-width: 850px)\"><source srcset=\"https:\/\/www.lefun-camping.com\/wp-content\/uploads\/2026\/01\/camping-piscine-la-franqui-1024x767.webp\" media=\"(max-width: 1024px)\"><source srcset=\"https:\/\/www.lefun-camping.com\/wp-content\/uploads\/2026\/01\/camping-piscine-la-franqui.webp\" media=\"(min-width: 1025px)\"><img decoding=\"async\" src=\"https:\/\/www.lefun-camping.com\/wp-content\/uploads\/2026\/01\/camping-piscine-la-franqui-420x315.webp\" width=\"420\" height=\"210\" loading=\"lazy\" alt=\"\" title=\"\"><\/picture><\/figure><figure class=\"gallery__item\"><picture><source srcset=\"https:\/\/www.lefun-camping.com\/wp-content\/uploads\/2026\/01\/pataugeoire-camping-420x315.webp\" media=\"(max-width: 210px)\"><source srcset=\"https:\/\/www.lefun-camping.com\/wp-content\/uploads\/2026\/01\/pataugeoire-camping-850x638.webp\" media=\"(max-width: 420px)\"><source srcset=\"https:\/\/www.lefun-camping.com\/wp-content\/uploads\/2026\/01\/pataugeoire-camping-768x576.webp\" media=\"(max-width: 850px)\"><source srcset=\"https:\/\/www.lefun-camping.com\/wp-content\/uploads\/2026\/01\/pataugeoire-camping-1024x768.webp\" media=\"(max-width: 1024px)\"><source srcset=\"https:\/\/www.lefun-camping.com\/wp-content\/uploads\/2026\/01\/pataugeoire-camping.webp\" media=\"(min-width: 1025px)\"><img decoding=\"async\" src=\"https:\/\/www.lefun-camping.com\/wp-content\/uploads\/2026\/01\/pataugeoire-camping-420x315.webp\" width=\"420\" height=\"210\" loading=\"lazy\" alt=\"\" title=\"\"><\/picture><\/figure><\/div><\/div>\n\n<div class=\"group\"><figure class=\"background\"><picture><source srcset=\"https:\/\/www.lefun-camping.com\/wp-content\/uploads\/2025\/12\/deco-vague-vert-1-420x210.webp\" media=\"(max-width: 210px)\"><source srcset=\"https:\/\/www.lefun-camping.com\/wp-content\/uploads\/2025\/12\/deco-vague-vert-1-850x425.webp\" media=\"(max-width: 420px)\"><source srcset=\"https:\/\/www.lefun-camping.com\/wp-content\/uploads\/2025\/12\/deco-vague-vert-1-768x384.webp\" media=\"(max-width: 850px)\"><source srcset=\"https:\/\/www.lefun-camping.com\/wp-content\/uploads\/2025\/12\/deco-vague-vert-1-1024x512.webp\" media=\"(max-width: 1024px)\"><source srcset=\"https:\/\/www.lefun-camping.com\/wp-content\/uploads\/2025\/12\/deco-vague-vert-1.webp\" media=\"(min-width: 1025px)\"><img decoding=\"async\" src=\"https:\/\/www.lefun-camping.com\/wp-content\/uploads\/2025\/12\/deco-vague-vert-1-420x210.webp\" width=\"420\" height=\"210\" loading=\"lazy\" alt=\"\" title=\"\"><\/picture><\/figure><div class=\"columns\"><div class=\"columns__item fade-left\" style=\"align-self:flex-start;\"><h2 id=\"profitez-de-la-piscine-du-camping-en-famille\">Disfruta de la piscina del camping <span class=\"fc-span\">con tu familia<\/span><\/h2><p    >Para disfrute de grandes y peque\u00f1os, una piscina de <strong>18 x 9 m <\/strong>,<strong>de 1 m a<\/strong> <strong>1,50 m de <\/strong>profundidad, te ofrece mucho espacio para relajarte. Los m\u00e1s peque\u00f1os pueden disfrutar de una <strong>piscina infantil<\/strong> separada (no climatizada), disponible de junio a finales de agosto. <\/p><div class=\"lireplus fc-mob\"><p    >Leer m\u00e1s<\/p><div class=\"group\"><p    >Para tus tardes de relax, bienestar y ociosidad, puedes aprovechar las <strong>tumbonas<\/strong> y <strong>hamacas<\/strong> dispuestas alrededor de la piscina de tu <strong>camping con piscina en el Aude<\/strong>.<\/p><\/div><\/div><\/div><div class=\"columns__item fade-right\" style=\"align-self:flex-start;\"><div class=\"gallery\"><figure class=\"gallery__item\"><picture><source srcset=\"https:\/\/www.lefun-camping.com\/wp-content\/uploads\/2025\/12\/camping-piscine-aude-420x326.webp\" media=\"(max-width: 210px)\"><source srcset=\"https:\/\/www.lefun-camping.com\/wp-content\/uploads\/2025\/12\/camping-piscine-aude-850x659.webp\" media=\"(max-width: 420px)\"><source srcset=\"https:\/\/www.lefun-camping.com\/wp-content\/uploads\/2025\/12\/camping-piscine-aude-768x595.webp\" media=\"(max-width: 850px)\"><source srcset=\"https:\/\/www.lefun-camping.com\/wp-content\/uploads\/2025\/12\/camping-piscine-aude-1024x794.webp\" media=\"(max-width: 1024px)\"><source srcset=\"https:\/\/www.lefun-camping.com\/wp-content\/uploads\/2025\/12\/camping-piscine-aude.webp\" media=\"(min-width: 1025px)\"><img decoding=\"async\" src=\"https:\/\/www.lefun-camping.com\/wp-content\/uploads\/2025\/12\/camping-piscine-aude-420x326.webp\" width=\"420\" height=\"210\" loading=\"lazy\" alt=\"\" title=\"\"><\/picture><\/figure><\/div><\/div><\/div><\/div>","protected":false},"excerpt":{"rendered":"<p>Rel\u00e1jate Descubre nuestro camping con piscina climatizada en Aude, cerca de Port Leucate Camping con piscina en el Aude para unas vacaciones relajantes Nuestro camping Fun tiene una piscina climatizada para que puedas relajarte despu\u00e9s de un d\u00eda ajetreado. En este camping con piscina en el Aude, podr\u00e1s disfrutar de una gran piscina para nadar [&hellip;]<\/p>\n","protected":false},"author":1,"featured_media":0,"parent":0,"menu_order":0,"comment_status":"open","ping_status":"open","template":"","meta":{"_acf_changed":false,"footnotes":""},"acf":[],"_links":{"self":[{"href":"https:\/\/www.lefun-camping.com\/es\/wp-json\/wp\/v2\/pages\/2009"}],"collection":[{"href":"https:\/\/www.lefun-camping.com\/es\/wp-json\/wp\/v2\/pages"}],"about":[{"href":"https:\/\/www.lefun-camping.com\/es\/wp-json\/wp\/v2\/types\/page"}],"author":[{"embeddable":true,"href":"https:\/\/www.lefun-camping.com\/es\/wp-json\/wp\/v2\/users\/1"}],"replies":[{"embeddable":true,"href":"https:\/\/www.lefun-camping.com\/es\/wp-json\/wp\/v2\/comments?post=2009"}],"version-history":[{"count":3,"href":"https:\/\/www.lefun-camping.com\/es\/wp-json\/wp\/v2\/pages\/2009\/revisions"}],"predecessor-version":[{"id":2735,"href":"https:\/\/www.lefun-camping.com\/es\/wp-json\/wp\/v2\/pages\/2009\/revisions\/2735"}],"wp:attachment":[{"href":"https:\/\/www.lefun-camping.com\/es\/wp-json\/wp\/v2\/media?parent=2009"}],"curies":[{"name":"wp","href":"https:\/\/api.w.org\/{rel}","templated":true}]}}