{"id":2049,"date":"2025-12-01T14:05:26","date_gmt":"2025-12-01T13:05:26","guid":{"rendered":"https:\/\/www.lefun-camping.com\/actividades-nauticas\/"},"modified":"2026-02-10T10:45:13","modified_gmt":"2026-02-10T09:45:13","slug":"actividades-nauticas","status":"publish","type":"page","link":"https:\/\/www.lefun-camping.com\/es\/actividades-nauticas\/","title":{"rendered":"Actividades n\u00e1uticas"},"content":{"rendered":"<div class=\"diaporama-header align-full\"><div class=\"gallery\"><figure class=\"gallery__item\"><picture><source srcset=\"https:\/\/www.lefun-camping.com\/wp-content\/uploads\/2025\/12\/kitesurf-windsurf-lafranqui-1-420x248.webp\" media=\"(max-width: 210px)\"><source srcset=\"https:\/\/www.lefun-camping.com\/wp-content\/uploads\/2025\/12\/kitesurf-windsurf-lafranqui-1-850x502.webp\" media=\"(max-width: 420px)\"><source srcset=\"https:\/\/www.lefun-camping.com\/wp-content\/uploads\/2025\/12\/kitesurf-windsurf-lafranqui-1-768x454.webp\" media=\"(max-width: 850px)\"><source srcset=\"https:\/\/www.lefun-camping.com\/wp-content\/uploads\/2025\/12\/kitesurf-windsurf-lafranqui-1-1024x605.webp\" media=\"(max-width: 1024px)\"><source srcset=\"https:\/\/www.lefun-camping.com\/wp-content\/uploads\/2025\/12\/kitesurf-windsurf-lafranqui-1.webp\" media=\"(min-width: 1025px)\"><img loading=\"lazy\" decoding=\"async\" src=\"https:\/\/www.lefun-camping.com\/wp-content\/uploads\/2025\/12\/kitesurf-windsurf-lafranqui-1-420x248.webp\" width=\"420\" height=\"210\" alt=\"\" title=\"\"><\/picture><\/figure><\/div><div class=\"diaporama-header__inner\"><p class=\"wording center\" style=\"text-align: center;\"  >Surf y diversi\u00f3n<\/p><p    ><\/p>\n<ctv-searchbar><\/ctv-searchbar>\n<\/div><\/div>\n\n<div class=\"group has-deco fade-down\"><h1 style=\"text-align: center;\">Windsurf y kitesurf en Leucate, <span class=\"fc-span\">Languedoc-Rosell\u00f3n<\/span><\/h1><p class=\"center\" style=\"text-align: center;\"  >\u00a1Acceso a un spot <strong>de windsurf y kitesurf desde el camping<\/strong> (El \u00abFunSpot\u00bb)! Navegable en tramontana (noroeste) y marina (sureste). <\/p><figure class=\"deco arbre\"><picture><source srcset=\"https:\/\/www.lefun-camping.com\/wp-content\/uploads\/2024\/12\/deco-arbre-420x393.webp\" media=\"(max-width: 210px)\"><source srcset=\"https:\/\/www.lefun-camping.com\/wp-content\/uploads\/2024\/12\/deco-arbre.webp\" media=\"(max-width: 420px)\"><source srcset=\"https:\/\/www.lefun-camping.com\/wp-content\/uploads\/2024\/12\/deco-arbre.webp\" media=\"(max-width: 850px)\"><source srcset=\"https:\/\/www.lefun-camping.com\/wp-content\/uploads\/2024\/12\/deco-arbre.webp\" media=\"(max-width: 1024px)\"><source srcset=\"https:\/\/www.lefun-camping.com\/wp-content\/uploads\/2024\/12\/deco-arbre.webp\" media=\"(min-width: 1025px)\"><img decoding=\"async\" src=\"https:\/\/www.lefun-camping.com\/wp-content\/uploads\/2024\/12\/deco-arbre-420x393.webp\" width=\"420\" height=\"210\" loading=\"lazy\" alt=\"\" title=\"\"><\/picture><\/figure><\/div>\n\n<div class=\"group sec-05\"><figure class=\"deco pointille\"><picture><source srcset=\"https:\/\/www.lefun-camping.com\/wp-content\/uploads\/2024\/12\/deco-pointille-420x92.webp\" media=\"(max-width: 210px)\"><source srcset=\"https:\/\/www.lefun-camping.com\/wp-content\/uploads\/2024\/12\/deco-pointille-850x186.webp\" media=\"(max-width: 420px)\"><source srcset=\"https:\/\/www.lefun-camping.com\/wp-content\/uploads\/2024\/12\/deco-pointille-768x168.webp\" media=\"(max-width: 850px)\"><source srcset=\"https:\/\/www.lefun-camping.com\/wp-content\/uploads\/2024\/12\/deco-pointille-1024x224.webp\" media=\"(max-width: 1024px)\"><source srcset=\"https:\/\/www.lefun-camping.com\/wp-content\/uploads\/2024\/12\/deco-pointille.webp\" media=\"(min-width: 1025px)\"><img decoding=\"async\" src=\"https:\/\/www.lefun-camping.com\/wp-content\/uploads\/2024\/12\/deco-pointille-420x92.webp\" width=\"420\" height=\"210\" loading=\"lazy\" alt=\"\" title=\"\"><\/picture><\/figure><div class=\"columns reverse-mob\"><div class=\"columns__item fade-left\" style=\"align-self:flex-start;\"><div class=\"gallery degrade-haut\"><figure class=\"gallery__item\"><picture><source srcset=\"https:\/\/www.lefun-camping.com\/wp-content\/uploads\/2025\/12\/camping-kitesurf-scaled-1-420x255.webp\" media=\"(max-width: 210px)\"><source srcset=\"https:\/\/www.lefun-camping.com\/wp-content\/uploads\/2025\/12\/camping-kitesurf-scaled-1-850x515.webp\" media=\"(max-width: 420px)\"><source srcset=\"https:\/\/www.lefun-camping.com\/wp-content\/uploads\/2025\/12\/camping-kitesurf-scaled-1-768x466.webp\" media=\"(max-width: 850px)\"><source srcset=\"https:\/\/www.lefun-camping.com\/wp-content\/uploads\/2025\/12\/camping-kitesurf-scaled-1-1024x621.webp\" media=\"(max-width: 1024px)\"><source srcset=\"https:\/\/www.lefun-camping.com\/wp-content\/uploads\/2025\/12\/camping-kitesurf-scaled-1.webp\" media=\"(min-width: 1025px)\"><img decoding=\"async\" src=\"https:\/\/www.lefun-camping.com\/wp-content\/uploads\/2025\/12\/camping-kitesurf-scaled-1-420x255.webp\" width=\"420\" height=\"210\" loading=\"lazy\" alt=\"\" title=\"\"><\/picture><\/figure><\/div><\/div><div class=\"columns__item fade-right\" style=\"align-self:flex-start;\"><h2 class=\"droite\">Windsurf en Leucate y Fitou: <span class=\"fc-span\">\u00bfpara qui\u00e9n es?<\/span><\/h2><p    >Desde los principiantes hasta los m\u00e1s experimentados,<strong>el windsurf<\/strong> es para todos.<\/p><p    >Dependiendo del lugar que elijas, podr\u00e1s aprender o mejorar tus habilidades. Y tanto si buscas <strong>slalom<\/strong>, <strong>freestyle<\/strong>, <strong>velocidad<\/strong> u <strong>olas<\/strong>, hay algo para cada gusto y cada <strong>windsurfista<\/strong>. <\/p><div class=\"lireplus fc-desk\"><p    >Leer m\u00e1s<\/p><div class=\"group\"><p    >Si te interesa el <strong>windsurf<\/strong> en Leucate, el kitesurf y mucho m\u00e1s, has venido al lugar adecuado. <strong>Los estanques y las playas<\/strong> de la regi\u00f3n te permitir\u00e1n variar los placeres del <strong>windsurf en Le<\/strong> ucate hasta saciarte. Surfea ahora en los<strong> mejores spots de Francia<\/strong>.  <\/p><\/div><\/div><figure class=\"deco relative fleche-1 droite\"><picture><source srcset=\"https:\/\/www.lefun-camping.com\/wp-content\/uploads\/2024\/12\/deco-fleche-1.webp\" media=\"(max-width: 210px)\"><source srcset=\"https:\/\/www.lefun-camping.com\/wp-content\/uploads\/2024\/12\/deco-fleche-1.webp\" media=\"(max-width: 420px)\"><source srcset=\"https:\/\/www.lefun-camping.com\/wp-content\/uploads\/2024\/12\/deco-fleche-1.webp\" media=\"(max-width: 850px)\"><source srcset=\"https:\/\/www.lefun-camping.com\/wp-content\/uploads\/2024\/12\/deco-fleche-1.webp\" media=\"(max-width: 1024px)\"><source srcset=\"https:\/\/www.lefun-camping.com\/wp-content\/uploads\/2024\/12\/deco-fleche-1.webp\" media=\"(min-width: 1025px)\"><img decoding=\"async\" src=\"https:\/\/www.lefun-camping.com\/wp-content\/uploads\/2024\/12\/deco-fleche-1.webp\" width=\"420\" height=\"210\" loading=\"lazy\" alt=\"\" title=\"\"><\/picture><\/figure><\/div><\/div><ul class=\"pictos align-full-right\"><li><span class=\"fc-icon\"><svg xmlns=\"http:\/\/www.w3.org\/2000\/svg\"  viewBox=\"0 0 576 512\" width=\"16px\" height=\"16px\"><!--! Font Awesome Pro 6.4.2 by @fontawesome - https:\/\/fontawesome.com License - https:\/\/fontawesome.com\/license (Commercial License) Copyright 2023 Fonticons, Inc.--><path d=\"M408 120c0 54.6-73.1 151.9-105.2 192c-7.7 9.6-22 9.6-29.6 0C241.1 271.9 168 174.6 168 120C168 53.7 221.7 0 288 0s120 53.7 120 120zm8 80.4c3.5-6.9 6.7-13.8 9.6-20.6c.5-1.2 1-2.5 1.5-3.7l116-46.4C558.9 123.4 576 135 576 152V422.8c0 9.8-6 18.6-15.1 22.3L416 503V200.4zM137.6 138.3c2.4 14.1 7.2 28.3 12.8 41.5c2.9 6.8 6.1 13.7 9.6 20.6V451.8L32.9 502.7C17.1 509 0 497.4 0 480.4V209.6c0-9.8 6-18.6 15.1-22.3l122.6-49zM327.8 332c13.9-17.4 35.7-45.7 56.2-77V504.3L192 449.4V255c20.5 31.3 42.3 59.6 56.2 77c20.5 25.6 59.1 25.6 79.6 0zM288 152a40 40 0 1 0 0-80 40 40 0 1 0 0 80z\"\/><\/svg><\/span> <span class=\"fc-span\">Acceso al lugar desde el camping: a pie,<\/span> en coche o en tranv\u00eda&#8230; t\u00fa eliges\n<\/li><li><span class=\"fc-icon\"><svg xmlns=\"http:\/\/www.w3.org\/2000\/svg\"  viewBox=\"0 0 512 512\" width=\"16px\" height=\"16px\"><!--! Font Awesome Pro 6.4.2 by @fontawesome - https:\/\/fontawesome.com License - https:\/\/fontawesome.com\/license (Commercial License) Copyright 2023 Fonticons, Inc.--><path d=\"M64 131.9C64 112.1 80.1 96 99.9 96c9.5 0 18.6 3.8 25.4 10.5l16.2 16.2c-21 38.9-17.4 87.5 10.9 123L151 247c-9.4 9.4-9.4 24.6 0 33.9s24.6 9.4 33.9 0L345 121c9.4-9.4 9.4-24.6 0-33.9s-24.6-9.4-33.9 0l-1.3 1.3c-35.5-28.3-84.2-31.9-123-10.9L170.5 61.3C151.8 42.5 126.4 32 99.9 32C44.7 32 0 76.7 0 131.9V448c0 17.7 14.3 32 32 32s32-14.3 32-32V131.9zM256 352a32 32 0 1 0 0-64 32 32 0 1 0 0 64zm64 64a32 32 0 1 0 -64 0 32 32 0 1 0 64 0zm0-128a32 32 0 1 0 0-64 32 32 0 1 0 0 64zm64 64a32 32 0 1 0 -64 0 32 32 0 1 0 64 0zm0-128a32 32 0 1 0 0-64 32 32 0 1 0 0 64zm64 64a32 32 0 1 0 -64 0 32 32 0 1 0 64 0zm32-32a32 32 0 1 0 0-64 32 32 0 1 0 0 64z\"\/><\/svg><\/span> <span class=\"fc-span\">Zona de enjuague para el<\/span> material deportivo de tabla en el camping, gratuita\n<\/li><li><span class=\"fc-icon\"><svg xmlns=\"http:\/\/www.w3.org\/2000\/svg\"  viewBox=\"0 0 448 512\" width=\"16px\" height=\"16px\"><!--! Font Awesome Pro 6.4.2 by @fontawesome - https:\/\/fontawesome.com License - https:\/\/fontawesome.com\/license (Commercial License) Copyright 2023 Fonticons, Inc.--><path d=\"M304 64a80 80 0 1 1 0 160 80 80 0 1 1 0-160zm0 224c79.5 0 144-64.5 144-144S383.5 0 304 0S160 64.5 160 144c0 28.2 8.1 54.5 22.1 76.7L9.4 393.4c-12.5 12.5-12.5 32.8 0 45.3l64 64c12.5 12.5 32.8 12.5 45.3 0s12.5-32.8 0-45.3L77.3 416 96 397.3l41.4 41.4c12.5 12.5 32.8 12.5 45.3 0s12.5-32.8 0-45.3L141.3 352l86.1-86.1c22.2 14 48.5 22.1 76.7 22.1z\"\/><\/svg><\/span> <span class=\"fc-span\">Contenedores colectivos disponibles<\/span> gratuitamente para guardar tu material\n<\/li><li><span class=\"fc-icon\"><svg xmlns=\"http:\/\/www.w3.org\/2000\/svg\"  viewBox=\"0 0 640 512\" width=\"16px\" height=\"16px\"><!--! Font Awesome Pro 6.4.2 by @fontawesome - https:\/\/fontawesome.com License - https:\/\/fontawesome.com\/license (Commercial License) Copyright 2023 Fonticons, Inc.--><path d=\"M224 16c0-8.8 7.2-16 16-16H368c8.8 0 16 7.2 16 16V32H512c53 0 96 43 96 96c0 17.7-14.3 32-32 32H384V416H254.4c1 5.2 1.6 10.5 1.6 16c0 44.2-35.8 80-80 80s-80-35.8-80-80c0-5.5 .6-10.8 1.6-16H96L18.7 338.7C6.7 326.7 0 310.5 0 293.5V96C0 60.7 28.7 32 64 32H224V16zM112 128c-8.8 0-16 7.2-16 16v64c0 8.8 7.2 16 16 16H240c8.8 0 16-7.2 16-16V144c0-8.8-7.2-16-16-16H112zm96 304a32 32 0 1 0 -64 0 32 32 0 1 0 64 0zm288 32a32 32 0 1 0 0-64 32 32 0 1 0 0 64zm-80-48V400 320 288 216 192h24 76.6c12.9 0 25.5 4.5 35.5 12.7l67.4 55.2c13 10.6 20.5 26.5 20.5 43.3V320v64c0 17.7-14.3 32-32 32H574.4c1 5.2 1.6 10.5 1.6 16c0 44.2-35.8 80-80 80s-80-35.8-80-80V416zM578.1 288l-56.5-46.2c-1.4-1.2-3.2-1.8-5.1-1.8H464v48H578.1z\"\/><\/svg><\/span> <span class=\"fc-span\"> Grandes espacios <\/span>para furgonetas con remolque\n<\/li><\/ul><\/div>\n\n<div class=\"group sec-05 reverse-mob\"><figure class=\"deco pointille\"><picture><source srcset=\"https:\/\/www.lefun-camping.com\/wp-content\/uploads\/2024\/12\/deco-pointille-420x92.webp\" media=\"(max-width: 210px)\"><source srcset=\"https:\/\/www.lefun-camping.com\/wp-content\/uploads\/2024\/12\/deco-pointille-850x186.webp\" media=\"(max-width: 420px)\"><source srcset=\"https:\/\/www.lefun-camping.com\/wp-content\/uploads\/2024\/12\/deco-pointille-768x168.webp\" media=\"(max-width: 850px)\"><source srcset=\"https:\/\/www.lefun-camping.com\/wp-content\/uploads\/2024\/12\/deco-pointille-1024x224.webp\" media=\"(max-width: 1024px)\"><source srcset=\"https:\/\/www.lefun-camping.com\/wp-content\/uploads\/2024\/12\/deco-pointille.webp\" media=\"(min-width: 1025px)\"><img decoding=\"async\" src=\"https:\/\/www.lefun-camping.com\/wp-content\/uploads\/2024\/12\/deco-pointille-420x92.webp\" width=\"420\" height=\"210\" loading=\"lazy\" alt=\"\" title=\"\"><\/picture><\/figure><div class=\"columns\"><div class=\"columns__item fade-right\"><h2 class=\"droite\">El camping de windsurf de Leucate abre <span class=\"fc-span\">para el Mundial del Viento (vacaciones de Semana Santa)<\/span><\/h2><p    >Le Mondi du Vent son seis d\u00edas de intensa competici\u00f3n <strong>de windsurf<\/strong> y <strong>kitesurf<\/strong>. Este camping ideal para <strong>practicar windsurf en Leucate<\/strong> ofrece los mejores lugares y las condiciones perfectas para ver a los campeones y practicar tu deporte favorito. <\/p><div class=\"lireplus fc-mob\"><p    >Leer m\u00e1s<\/p><div class=\"group\"><p    >Desde <strong>Port-Leucate<\/strong> hasta el<strong>Etang de Leucate<\/strong> y <strong>La Franqui<\/strong>, cada lugar tiene sus particularidades y har\u00e1 las delicias de todos. El camping Le Fun es ideal para <strong>practicar windsurf<\/strong>. <\/p><p   id=\"428\" >\u00a1No olvides reservar tu <a href=\"https:\/\/www.lefun-camping.com\/es\/alojamiento\/\" data-type=\"page\" data-id=\"428\">alquiler de mobil home en el Aude<\/a>!<\/p><\/div><\/div><\/div><div class=\"columns__item fade-left\"><div class=\"gallery\"><figure class=\"gallery__item\"><picture><source srcset=\"https:\/\/www.lefun-camping.com\/wp-content\/uploads\/2025\/12\/services-camping-windsurf-scaled-1-420x315.webp\" media=\"(max-width: 210px)\"><source srcset=\"https:\/\/www.lefun-camping.com\/wp-content\/uploads\/2025\/12\/services-camping-windsurf-scaled-1-850x638.webp\" media=\"(max-width: 420px)\"><source srcset=\"https:\/\/www.lefun-camping.com\/wp-content\/uploads\/2025\/12\/services-camping-windsurf-scaled-1-768x576.webp\" media=\"(max-width: 850px)\"><source srcset=\"https:\/\/www.lefun-camping.com\/wp-content\/uploads\/2025\/12\/services-camping-windsurf-scaled-1-1024x768.webp\" media=\"(max-width: 1024px)\"><source srcset=\"https:\/\/www.lefun-camping.com\/wp-content\/uploads\/2025\/12\/services-camping-windsurf-scaled-1.webp\" media=\"(min-width: 1025px)\"><img decoding=\"async\" src=\"https:\/\/www.lefun-camping.com\/wp-content\/uploads\/2025\/12\/services-camping-windsurf-scaled-1-420x315.webp\" width=\"420\" height=\"210\" loading=\"lazy\" alt=\"\" title=\"\"><\/picture><\/figure><\/div><\/div><\/div><\/div>\n\n<div class=\"group sec-15\"><figure class=\"background\"><picture><source srcset=\"https:\/\/www.lefun-camping.com\/wp-content\/uploads\/2025\/12\/deco-vague-orange-2-420x158.webp\" media=\"(max-width: 210px)\"><source srcset=\"https:\/\/www.lefun-camping.com\/wp-content\/uploads\/2025\/12\/deco-vague-orange-2-850x319.webp\" media=\"(max-width: 420px)\"><source srcset=\"https:\/\/www.lefun-camping.com\/wp-content\/uploads\/2025\/12\/deco-vague-orange-2-768x288.webp\" media=\"(max-width: 850px)\"><source srcset=\"https:\/\/www.lefun-camping.com\/wp-content\/uploads\/2025\/12\/deco-vague-orange-2-1024x384.webp\" media=\"(max-width: 1024px)\"><source srcset=\"https:\/\/www.lefun-camping.com\/wp-content\/uploads\/2025\/12\/deco-vague-orange-2.webp\" media=\"(min-width: 1025px)\"><img decoding=\"async\" src=\"https:\/\/www.lefun-camping.com\/wp-content\/uploads\/2025\/12\/deco-vague-orange-2-420x158.webp\" width=\"420\" height=\"210\" loading=\"lazy\" alt=\"\" title=\"\"><\/picture><\/figure><div class=\"columns\"><div class=\"columns__item flex-15 fade-left\" style=\"align-self:flex-start;\"><h2 style=\"color: var(--bleu);\">Windsurf en Leucate <span class=\"fc-span\">en algunos de los mejores spots de Francia<\/span><\/h2><h3 class=\"p\">\u00a1Aprovecha los 20 spots de windsurf en Leucate, cerca del camping Le Fun!<\/h3><p    >\u00a1Nuestro camping es un territorio \u00fanico para la diversi\u00f3n! Para practicar windsurf en Leucate, dir\u00edgete al camping Le Fun. Nuestro camping est\u00e1 situado al borde del Etang de <strong>Leucate<\/strong>, frente al <strong>spot de Le Goulet, <\/strong>no lejos de los <strong>spots del Parque de las Ostras y de La Mine<\/strong>, y muy cerca de todos los <strong>spots de Leucate<\/strong>.  <\/p><div class=\"lireplus fc-desk\"><p    >Leer m\u00e1s<\/p><div class=\"group\"><p   id=\"2063\" ><strong>La Franqui<\/strong>, <a href=\"https:\/\/www.lefun-camping.com\/es\/alentours\/la-palme\/\" data-type=\"alentours\" data-id=\"2063\">La Palme<\/a> y <strong>Port Barcar\u00e8s<\/strong>. No hay excusas, \u00a1tienes todo lo que necesitas para <strong>practicar windsurf<\/strong> y <strong>kitesurf<\/strong> justo al lado del camping en el Aude con piscina!<\/p><p    >Durante tu estancia en nuestro camping balneario del Aude, explora una regi\u00f3n rica y variada. Entre patrimonio, naturaleza y placeres balnearios, los alrededores est\u00e1n llenos de lugares que no te puedes perder: lugares hist\u00f3ricos, Narbona, Perpi\u00f1\u00e1n, Collioure, haciendas vin\u00edcolas y la famosa Reserva Africana de Sigean. <\/p><\/div><\/div><\/div><div class=\"columns__item fade-right\" style=\"align-self:flex-start;\"><h2 id=\"comment-vous-loger-pour-un-sejour-de-windsurf-a-leucate\" style=\"color: var(--bleu);\">\u00bfD\u00f3nde alojarse para <span class=\"fc-span\">unas vacaciones de windsurf en Leucate?<\/span><\/h2><p    >Unas vacaciones dedicadas al windsurf deben ser intensas y tener <strong>un acceso privilegiado a los spots<\/strong> de la regi\u00f3n. En eso consiste nuestro camping Le Fun. Te ofrece todo el <strong>confort<\/strong> que necesitas tras una larga <strong>jornada deportiva<\/strong>. Pero, sobre todo, cuenta con todas las comodidades para que sea el lugar perfecto para practicar tu deporte favorito.   <\/p><figure class=\"deco kitesurf relative reverse droite hors-box\"><picture><source srcset=\"https:\/\/www.lefun-camping.com\/wp-content\/uploads\/2024\/12\/deco-kitesurf-403x420.webp\" media=\"(max-width: 210px)\"><source srcset=\"https:\/\/www.lefun-camping.com\/wp-content\/uploads\/2024\/12\/deco-kitesurf.webp\" media=\"(max-width: 420px)\"><source srcset=\"https:\/\/www.lefun-camping.com\/wp-content\/uploads\/2024\/12\/deco-kitesurf.webp\" media=\"(max-width: 850px)\"><source srcset=\"https:\/\/www.lefun-camping.com\/wp-content\/uploads\/2024\/12\/deco-kitesurf.webp\" media=\"(max-width: 1024px)\"><source srcset=\"https:\/\/www.lefun-camping.com\/wp-content\/uploads\/2024\/12\/deco-kitesurf.webp\" media=\"(min-width: 1025px)\"><img decoding=\"async\" src=\"https:\/\/www.lefun-camping.com\/wp-content\/uploads\/2024\/12\/deco-kitesurf-403x420.webp\" width=\"420\" height=\"210\" loading=\"lazy\" alt=\"\" title=\"\"><\/picture><\/figure><div class=\"lireplus fc-desk\"><p    >Leer m\u00e1s<\/p><div class=\"group\"><p    >Acceso a un deporte magn\u00edfico directamente desde el camping, una zona de enjuague para tu material, muchos windsurfistas en el camping y actividades dedicadas. <strong>El windsurf en Leucate <\/strong>est\u00e1 obviamente disponible en nuestro camping. Para estancias cortas o m\u00e1s largas, te invitamos a nuestro camping para que tus vacaciones sean inolvidables.  <\/p><\/div><\/div><\/div><\/div><div class=\"gallery fade-down col-4 f-carousel fc-diapo-mob\" data-fancybox=\"gallery-mob\"><figure class=\"gallery__item\"><picture><source srcset=\"https:\/\/www.lefun-camping.com\/wp-content\/uploads\/2025\/12\/camping-windsurf-leucate-420x279.webp\" media=\"(max-width: 210px)\"><source srcset=\"https:\/\/www.lefun-camping.com\/wp-content\/uploads\/2025\/12\/camping-windsurf-leucate-850x564.webp\" media=\"(max-width: 420px)\"><source srcset=\"https:\/\/www.lefun-camping.com\/wp-content\/uploads\/2025\/12\/camping-windsurf-leucate-768x510.webp\" media=\"(max-width: 850px)\"><source srcset=\"https:\/\/www.lefun-camping.com\/wp-content\/uploads\/2025\/12\/camping-windsurf-leucate.webp\" media=\"(max-width: 1024px)\"><source srcset=\"https:\/\/www.lefun-camping.com\/wp-content\/uploads\/2025\/12\/camping-windsurf-leucate.webp\" media=\"(min-width: 1025px)\"><img decoding=\"async\" src=\"https:\/\/www.lefun-camping.com\/wp-content\/uploads\/2025\/12\/camping-windsurf-leucate-420x279.webp\" width=\"420\" height=\"210\" loading=\"lazy\" alt=\"\" title=\"\"><\/picture><\/figure><figure class=\"gallery__item\"><picture><source srcset=\"https:\/\/www.lefun-camping.com\/wp-content\/uploads\/2025\/12\/kite-lafranqui-420x279.webp\" media=\"(max-width: 210px)\"><source srcset=\"https:\/\/www.lefun-camping.com\/wp-content\/uploads\/2025\/12\/kite-lafranqui-850x564.webp\" media=\"(max-width: 420px)\"><source srcset=\"https:\/\/www.lefun-camping.com\/wp-content\/uploads\/2025\/12\/kite-lafranqui-768x510.webp\" media=\"(max-width: 850px)\"><source srcset=\"https:\/\/www.lefun-camping.com\/wp-content\/uploads\/2025\/12\/kite-lafranqui-1024x680.webp\" media=\"(max-width: 1024px)\"><source srcset=\"https:\/\/www.lefun-camping.com\/wp-content\/uploads\/2025\/12\/kite-lafranqui.webp\" media=\"(min-width: 1025px)\"><img decoding=\"async\" src=\"https:\/\/www.lefun-camping.com\/wp-content\/uploads\/2025\/12\/kite-lafranqui-420x279.webp\" width=\"420\" height=\"210\" loading=\"lazy\" alt=\"\" title=\"\"><\/picture><\/figure><figure class=\"gallery__item\"><picture><source srcset=\"https:\/\/www.lefun-camping.com\/wp-content\/uploads\/2025\/12\/windsurf-camping-420x315.webp\" media=\"(max-width: 210px)\"><source srcset=\"https:\/\/www.lefun-camping.com\/wp-content\/uploads\/2025\/12\/windsurf-camping-850x638.webp\" media=\"(max-width: 420px)\"><source srcset=\"https:\/\/www.lefun-camping.com\/wp-content\/uploads\/2025\/12\/windsurf-camping-768x577.webp\" media=\"(max-width: 850px)\"><source srcset=\"https:\/\/www.lefun-camping.com\/wp-content\/uploads\/2025\/12\/windsurf-camping.webp\" media=\"(max-width: 1024px)\"><source srcset=\"https:\/\/www.lefun-camping.com\/wp-content\/uploads\/2025\/12\/windsurf-camping.webp\" media=\"(min-width: 1025px)\"><img decoding=\"async\" src=\"https:\/\/www.lefun-camping.com\/wp-content\/uploads\/2025\/12\/windsurf-camping-420x315.webp\" width=\"420\" height=\"210\" loading=\"lazy\" alt=\"\" title=\"\"><\/picture><\/figure><figure class=\"gallery__item\"><picture><source srcset=\"https:\/\/www.lefun-camping.com\/wp-content\/uploads\/2026\/01\/kitesurf-leucate-camping-420x279.webp\" media=\"(max-width: 210px)\"><source srcset=\"https:\/\/www.lefun-camping.com\/wp-content\/uploads\/2026\/01\/kitesurf-leucate-camping-850x564.webp\" media=\"(max-width: 420px)\"><source srcset=\"https:\/\/www.lefun-camping.com\/wp-content\/uploads\/2026\/01\/kitesurf-leucate-camping-768x510.webp\" media=\"(max-width: 850px)\"><source srcset=\"https:\/\/www.lefun-camping.com\/wp-content\/uploads\/2026\/01\/kitesurf-leucate-camping-1024x680.webp\" media=\"(max-width: 1024px)\"><source srcset=\"https:\/\/www.lefun-camping.com\/wp-content\/uploads\/2026\/01\/kitesurf-leucate-camping.webp\" media=\"(min-width: 1025px)\"><img decoding=\"async\" src=\"https:\/\/www.lefun-camping.com\/wp-content\/uploads\/2026\/01\/kitesurf-leucate-camping-420x279.webp\" width=\"420\" height=\"210\" loading=\"lazy\" alt=\"\" title=\"\"><\/picture><\/figure><\/div><\/div>","protected":false},"excerpt":{"rendered":"<p>Surf y diversi\u00f3n Windsurf y kitesurf en Leucate, Languedoc-Rosell\u00f3n \u00a1Acceso a un spot de windsurf y kitesurf desde el camping (El \u00abFunSpot\u00bb)! Navegable en tramontana (noroeste) y marina (sureste). Windsurf en Leucate y Fitou: \u00bfpara qui\u00e9n es? Desde los principiantes hasta los m\u00e1s experimentados,el windsurf es para todos. Dependiendo del lugar que elijas, podr\u00e1s aprender [&hellip;]<\/p>\n","protected":false},"author":1,"featured_media":0,"parent":0,"menu_order":0,"comment_status":"open","ping_status":"open","template":"","meta":{"_acf_changed":false,"footnotes":""},"acf":[],"_links":{"self":[{"href":"https:\/\/www.lefun-camping.com\/es\/wp-json\/wp\/v2\/pages\/2049"}],"collection":[{"href":"https:\/\/www.lefun-camping.com\/es\/wp-json\/wp\/v2\/pages"}],"about":[{"href":"https:\/\/www.lefun-camping.com\/es\/wp-json\/wp\/v2\/types\/page"}],"author":[{"embeddable":true,"href":"https:\/\/www.lefun-camping.com\/es\/wp-json\/wp\/v2\/users\/1"}],"replies":[{"embeddable":true,"href":"https:\/\/www.lefun-camping.com\/es\/wp-json\/wp\/v2\/comments?post=2049"}],"version-history":[{"count":3,"href":"https:\/\/www.lefun-camping.com\/es\/wp-json\/wp\/v2\/pages\/2049\/revisions"}],"predecessor-version":[{"id":2741,"href":"https:\/\/www.lefun-camping.com\/es\/wp-json\/wp\/v2\/pages\/2049\/revisions\/2741"}],"wp:attachment":[{"href":"https:\/\/www.lefun-camping.com\/es\/wp-json\/wp\/v2\/media?parent=2049"}],"curies":[{"name":"wp","href":"https:\/\/api.w.org\/{rel}","templated":true}]}}